{"id":105,"date":"2025-06-11T15:53:20","date_gmt":"2025-06-11T15:53:20","guid":{"rendered":"http:\/\/educacionmusicaltemprana.es\/?page_id=105"},"modified":"2025-07-15T12:09:07","modified_gmt":"2025-07-15T12:09:07","slug":"masaje-shantala","status":"publish","type":"page","link":"http:\/\/educacionmusicaltemprana.es\/eu\/masaje-shantala\/","title":{"rendered":"Shantala Masajea"},"content":{"rendered":"<p class=\"has-vivid-purple-color has-text-color has-link-color wp-elements-bbb51b2df2b8a46d50601b94915479fa\" style=\"font-size:60px\"><strong>Zer da Shantala Masajea?<\/strong><\/p>\n\n\n\n<div class=\"wp-block-columns is-layout-flex wp-container-core-columns-is-layout-28f84493 wp-block-columns-is-layout-flex\">\n<div class=\"wp-block-column is-layout-flow wp-block-column-is-layout-flow\" style=\"flex-basis:100%\">\n<div class=\"wp-block-group is-layout-constrained wp-block-group-is-layout-constrained\">\n<figure class=\"wp-block-table\"><table class=\"has-border-color has-foreground-border-color\"><tbody><tr><td class=\"translation-block\"><strong><em>Shantala masajea<\/em><\/strong> jatorri hinduko <strong><em>haurtxoentzako masaje<\/em><\/strong> teknika zahar bat da, belaunaldiz belaunaldi transmititua. Mendebaldera Fr\u00e9d\u00e9rick Leboyer doktore obstetra frantsesak ekarri zuen. Indiara egindako bidaia batean, Leboyerrek Shantala izeneko ama bat bere haurra masajeatzen ikusi zuen. Praktika honek ematen zituen onurek harrituta utzi zuten.<\/td><td><img fetchpriority=\"high\" decoding=\"async\" width=\"1500\" height=\"1500\" class=\"wp-image-138\" style=\"width: 1500px;\" src=\"http:\/\/educacionmusicaltemprana.es\/wp-content\/uploads\/2025\/06\/portada2-shantala.png\" alt=\"\" srcset=\"http:\/\/educacionmusicaltemprana.es\/wp-content\/uploads\/2025\/06\/portada2-shantala.png 2048w, http:\/\/educacionmusicaltemprana.es\/wp-content\/uploads\/2025\/06\/portada2-shantala-300x300.png 300w, http:\/\/educacionmusicaltemprana.es\/wp-content\/uploads\/2025\/06\/portada2-shantala-1024x1024.png 1024w, http:\/\/educacionmusicaltemprana.es\/wp-content\/uploads\/2025\/06\/portada2-shantala-150x150.png 150w, http:\/\/educacionmusicaltemprana.es\/wp-content\/uploads\/2025\/06\/portada2-shantala-768x768.png 768w, http:\/\/educacionmusicaltemprana.es\/wp-content\/uploads\/2025\/06\/portada2-shantala-1536x1536.png 1536w\" sizes=\"(max-width: 1500px) 100vw, 1500px\" \/><\/td><\/tr><\/tbody><\/table><\/figure>\n<\/div>\n<\/div>\n<\/div>\n\n\n\n<figure class=\"wp-block-table\"><table class=\"has-border-color has-foreground-border-color\"><tbody><tr><td><img decoding=\"async\" width=\"1200\" height=\"1200\" class=\"wp-image-132\" style=\"width: 1200px;\" src=\"http:\/\/educacionmusicaltemprana.es\/wp-content\/uploads\/2025\/06\/masaje4.png\" alt=\"\" srcset=\"http:\/\/educacionmusicaltemprana.es\/wp-content\/uploads\/2025\/06\/masaje4.png 2048w, http:\/\/educacionmusicaltemprana.es\/wp-content\/uploads\/2025\/06\/masaje4-300x300.png 300w, http:\/\/educacionmusicaltemprana.es\/wp-content\/uploads\/2025\/06\/masaje4-1024x1024.png 1024w, http:\/\/educacionmusicaltemprana.es\/wp-content\/uploads\/2025\/06\/masaje4-150x150.png 150w, http:\/\/educacionmusicaltemprana.es\/wp-content\/uploads\/2025\/06\/masaje4-768x768.png 768w, http:\/\/educacionmusicaltemprana.es\/wp-content\/uploads\/2025\/06\/masaje4-1536x1536.png 1536w\" sizes=\"(max-width: 1200px) 100vw, 1200px\" \/><\/td><td class=\"translation-block\"><strong>Komunikazio arte<\/strong> bat da. <strong>Ukimenaren<\/strong> bidez, haurra <strong>emozionalki elikatzen<\/strong> da eta <strong>lotura afektiboa<\/strong> sendotzen da. Haurraren gorputz osoan <strong>olio naturalarekin<\/strong> aplikatzen diren mugimendu motel eta leunek ezaugarritzen dute. Masajea <strong>bainu<\/strong> batekin amaitzen da, horrela erlaxazio sakonaren sentsazioa osatuz.<\/td><\/tr><\/tbody><\/table><\/figure>\n\n\n\n<p class=\"has-text-align-center translation-block\"><strong>Jaiotzetik 8 hilabetera <\/strong>arte praktikatzen da, haur <strong>nagusiagoetara<\/strong> ere egokituz.<\/p>\n\n\n\n<figure class=\"wp-block-table\"><table class=\"has-border-color has-foreground-border-color has-fixed-layout\"><tbody><tr><td><\/td><td><\/td><\/tr><tr><td><\/td><td><\/td><\/tr><\/tbody><\/table><\/figure>\n\n\n\n<p class=\"has-vivid-purple-color has-text-color has-link-color has-montessori-kindergarten-poppins-font-family wp-elements-0eed3e9ae447ff0a019fb38786d65d9b\" style=\"font-size:28px\"><strong>Ikastaroaren helburuak<\/strong><\/p>\n\n\n\n<ul class=\"wp-block-list\">\n<li class=\"translation-block\">Gurasoen eta haurren arteko <strong>lotura emozionala<\/strong> sendotu.<\/li>\n\n\n\n<li class=\"translation-block\"><strong>Baliabideak<\/strong> eman haurra maneiatu, manipulatu, erlaxatu eta lasaitzeko.<\/li>\n<\/ul>\n\n\n\n<figure class=\"wp-block-table\"><table class=\"has-border-color has-foreground-border-color has-fixed-layout\"><tbody><tr><td><\/td><td><\/td><\/tr><tr><td><\/td><td><\/td><\/tr><\/tbody><\/table><\/figure>\n\n\n\n<p class=\"has-vivid-purple-color has-text-color has-link-color wp-elements-c19d88d921d7157bba2c853ac2319e44\" style=\"font-size:28px\"><strong>Shantala masajearen onurak<\/strong><\/p>\n\n\n\n<p><\/p>\n\n\n\n<figure class=\"wp-block-table\"><table class=\"has-border-color has-foreground-border-color\"><tbody><tr><td class=\"translation-block\">Shantala masajearen onurak ugariak dira. <strong>Ongizate fisikoa , emozionala eta psikologikoa<\/strong> eskaintzen die bai haurrari bai gurasoei.<\/td><td><img decoding=\"async\" width=\"400\" height=\"400\" class=\"wp-image-140\" style=\"width: 400px;\" src=\"http:\/\/educacionmusicaltemprana.es\/wp-content\/uploads\/2025\/06\/Diseno-sin-titulo-1-copia.png\" alt=\"\" srcset=\"http:\/\/educacionmusicaltemprana.es\/wp-content\/uploads\/2025\/06\/Diseno-sin-titulo-1-copia.png 2048w, http:\/\/educacionmusicaltemprana.es\/wp-content\/uploads\/2025\/06\/Diseno-sin-titulo-1-copia-300x300.png 300w, http:\/\/educacionmusicaltemprana.es\/wp-content\/uploads\/2025\/06\/Diseno-sin-titulo-1-copia-1024x1024.png 1024w, http:\/\/educacionmusicaltemprana.es\/wp-content\/uploads\/2025\/06\/Diseno-sin-titulo-1-copia-150x150.png 150w, http:\/\/educacionmusicaltemprana.es\/wp-content\/uploads\/2025\/06\/Diseno-sin-titulo-1-copia-768x768.png 768w, http:\/\/educacionmusicaltemprana.es\/wp-content\/uploads\/2025\/06\/Diseno-sin-titulo-1-copia-1536x1536.png 1536w\" sizes=\"(max-width: 400px) 100vw, 400px\" \/><\/td><\/tr><\/tbody><\/table><\/figure>\n\n\n\n<p class=\"has-vivid-purple-color has-text-color has-link-color has-medium-font-size wp-elements-29af82f441a9b1a2fe27fb2e73a1427b\"><strong>Haurrentzako onurak<\/strong><\/p>\n\n\n\n<figure class=\"wp-block-table is-style-regular\"><table class=\"has-border-color has-foreground-border-color has-fixed-layout\"><tbody><tr><td class=\"has-text-align-center\" data-align=\"center\"><img loading=\"lazy\" decoding=\"async\" width=\"350\" height=\"350\" class=\"wp-image-153\" style=\"width: 350px;\" src=\"http:\/\/educacionmusicaltemprana.es\/wp-content\/uploads\/2025\/06\/bien.png\" alt=\"\" srcset=\"http:\/\/educacionmusicaltemprana.es\/wp-content\/uploads\/2025\/06\/bien.png 2048w, http:\/\/educacionmusicaltemprana.es\/wp-content\/uploads\/2025\/06\/bien-300x300.png 300w, http:\/\/educacionmusicaltemprana.es\/wp-content\/uploads\/2025\/06\/bien-1024x1024.png 1024w, http:\/\/educacionmusicaltemprana.es\/wp-content\/uploads\/2025\/06\/bien-150x150.png 150w, http:\/\/educacionmusicaltemprana.es\/wp-content\/uploads\/2025\/06\/bien-768x768.png 768w, http:\/\/educacionmusicaltemprana.es\/wp-content\/uploads\/2025\/06\/bien-1536x1536.png 1536w\" sizes=\"(max-width: 350px) 100vw, 350px\" \/><br><br><img loading=\"lazy\" decoding=\"async\" width=\"350\" height=\"350\" class=\"wp-image-149\" style=\"width: 350px;\" src=\"http:\/\/educacionmusicaltemprana.es\/wp-content\/uploads\/2025\/06\/Diseno-sin-titulo-1-copia-4.png\" alt=\"\" srcset=\"http:\/\/educacionmusicaltemprana.es\/wp-content\/uploads\/2025\/06\/Diseno-sin-titulo-1-copia-4.png 2048w, http:\/\/educacionmusicaltemprana.es\/wp-content\/uploads\/2025\/06\/Diseno-sin-titulo-1-copia-4-300x300.png 300w, http:\/\/educacionmusicaltemprana.es\/wp-content\/uploads\/2025\/06\/Diseno-sin-titulo-1-copia-4-1024x1024.png 1024w, http:\/\/educacionmusicaltemprana.es\/wp-content\/uploads\/2025\/06\/Diseno-sin-titulo-1-copia-4-150x150.png 150w, http:\/\/educacionmusicaltemprana.es\/wp-content\/uploads\/2025\/06\/Diseno-sin-titulo-1-copia-4-768x768.png 768w, http:\/\/educacionmusicaltemprana.es\/wp-content\/uploads\/2025\/06\/Diseno-sin-titulo-1-copia-4-1536x1536.png 1536w\" sizes=\"(max-width: 350px) 100vw, 350px\" \/><br><br><img loading=\"lazy\" decoding=\"async\" width=\"350\" height=\"350\" class=\"wp-image-152\" style=\"width: 350px;\" src=\"http:\/\/educacionmusicaltemprana.es\/wp-content\/uploads\/2025\/06\/Diseno-sin-titulo-1-copia-5.png\" alt=\"\" srcset=\"http:\/\/educacionmusicaltemprana.es\/wp-content\/uploads\/2025\/06\/Diseno-sin-titulo-1-copia-5.png 2048w, http:\/\/educacionmusicaltemprana.es\/wp-content\/uploads\/2025\/06\/Diseno-sin-titulo-1-copia-5-300x300.png 300w, http:\/\/educacionmusicaltemprana.es\/wp-content\/uploads\/2025\/06\/Diseno-sin-titulo-1-copia-5-1024x1024.png 1024w, http:\/\/educacionmusicaltemprana.es\/wp-content\/uploads\/2025\/06\/Diseno-sin-titulo-1-copia-5-150x150.png 150w, http:\/\/educacionmusicaltemprana.es\/wp-content\/uploads\/2025\/06\/Diseno-sin-titulo-1-copia-5-768x768.png 768w, http:\/\/educacionmusicaltemprana.es\/wp-content\/uploads\/2025\/06\/Diseno-sin-titulo-1-copia-5-1536x1536.png 1536w\" sizes=\"(max-width: 350px) 100vw, 350px\" \/><\/td><td><strong>\u221a\u00a0<\/strong> Fortalece el <strong>v\u00ednculo afectivo <\/strong>entre padres y beb\u00e9s.<br><br><br><br><strong>\u221a\u00a0<\/strong> Ayuda a<strong> regular el sue\u00f1o <\/strong>y mejora la <strong>calidad<\/strong> de \u00e9ste. El beb\u00e9 se relaja, libera tensiones, calma su llanto y favorece un sue\u00f1o m\u00e1s reparador. Reduce los niveles de cortisol (hormona del estr\u00e9s) y aumenta las endorfinas (hormonas del placer y bienestar).<br><br><br><br><strong>\u221a\u00a0<\/strong> <strong>Estimula <\/strong>su <strong>sistema nervioso<\/strong>. Favorece el desarrollo neurol\u00f3gico.<br><br><br><br><strong>\u221a<\/strong> Tonifica y<strong> fortalece los m\u00fasculos<\/strong>, a trav\u00e9s de los movimientos lentos y suaves.<br><br><br><br><strong>\u221a\u00a0<\/strong> <strong>Activa<\/strong> el <strong>aparato digestivo <\/strong>y mejora la digesti\u00f3n. Alivia molestias comunes como c\u00f3licos, gases y estre\u00f1imiento.<br><br><br><br><strong>\u221a\u00a0<\/strong> <strong>Estimula <\/strong>la <strong>circulaci\u00f3n sangu\u00ednea <\/strong>y linf\u00e1tica.<br><br><br><br><strong>\u221a\u00a0<\/strong> <strong>Estimula <\/strong>la <strong>conciencia del cuerpo.<\/strong><br><br><br><br><strong>\u221a\u00a0<\/strong> <strong>Hidrata la piel<\/strong> con el uso de aceites naturales.<br><br><br><br><strong>\u221a\u00a0<\/strong> Facilita la <strong>adaptaci\u00f3n<\/strong> al nuevo <strong>entorno<\/strong> a los neonatos. Les hace sentir seguros, recordando la sensaci\u00f3n de bienestar del vientre materno.<br><br><br><br><strong>\u221a\u00a0<\/strong> Favorece la <strong>estimulaci\u00f3n sensorial<\/strong>. A trav\u00e9s del tacto, se potencia esta percepci\u00f3n y favorece las conexiones neuronales.<\/td><\/tr><\/tbody><\/table><\/figure>\n\n\n\n<figure class=\"wp-block-table\"><table class=\"has-border-color has-foreground-border-color has-fixed-layout\"><tbody><tr><td><\/td><td><\/td><\/tr><tr><td><\/td><td><\/td><\/tr><\/tbody><\/table><\/figure>\n\n\n\n<p class=\"has-vivid-purple-color has-text-color has-link-color has-medium-font-size wp-elements-d01c0ff62d365a2d9729f2a96d098557\"><strong>Beneficios para los padres<\/strong><\/p>\n\n\n\n<figure class=\"wp-block-table\"><table class=\"has-border-color has-foreground-border-color\"><tbody><tr><td class=\"translation-block\"><strong>\u221a<\/strong> Gurasoen eta haurren arteko <strong>lotura emozionala indartzen<\/strong> du. Helburu nagusietako bat da hau. Azal-azal kontaktuak, begi kontaktuak eta masaje bitartean arreta kontzienteak intimitate espazio bat eta lotura sakona sortzen dute gurasoen eta haurtxoen artean.<br><br><br><br><br><br><br><br><br><strong>\u221a<\/strong> Gurasoei <strong>haurra maneiatzeko konfiantza<\/strong> hartzen laguntzen die. Emandako jarraibide eta aholkuen bidez, gurasoek ikasten dute: haurra behar bezala eutsi, haien seinaleak ulertu, haien beharrak ezagutu eta gehiago.<br><br><br><br><br><br><br><br><strong>\u221a<\/strong> Erditze osteko <strong> estresa eta depresioa murrizten laguntzen du. \u00a0<\/strong><\/td><td><img loading=\"lazy\" decoding=\"async\" width=\"1300\" height=\"1300\" class=\"wp-image-158\" style=\"width: 1300px;\" src=\"http:\/\/educacionmusicaltemprana.es\/wp-content\/uploads\/2025\/06\/Diseno-sin-titulo-1-copia-6.png\" alt=\"\" srcset=\"http:\/\/educacionmusicaltemprana.es\/wp-content\/uploads\/2025\/06\/Diseno-sin-titulo-1-copia-6.png 2048w, http:\/\/educacionmusicaltemprana.es\/wp-content\/uploads\/2025\/06\/Diseno-sin-titulo-1-copia-6-300x300.png 300w, http:\/\/educacionmusicaltemprana.es\/wp-content\/uploads\/2025\/06\/Diseno-sin-titulo-1-copia-6-1024x1024.png 1024w, http:\/\/educacionmusicaltemprana.es\/wp-content\/uploads\/2025\/06\/Diseno-sin-titulo-1-copia-6-150x150.png 150w, http:\/\/educacionmusicaltemprana.es\/wp-content\/uploads\/2025\/06\/Diseno-sin-titulo-1-copia-6-768x768.png 768w, http:\/\/educacionmusicaltemprana.es\/wp-content\/uploads\/2025\/06\/Diseno-sin-titulo-1-copia-6-1536x1536.png 1536w\" sizes=\"(max-width: 1300px) 100vw, 1300px\" \/><br><img loading=\"lazy\" decoding=\"async\" width=\"400\" height=\"400\" class=\"wp-image-159\" style=\"width: 400px;\" src=\"http:\/\/educacionmusicaltemprana.es\/wp-content\/uploads\/2025\/06\/Diseno-sin-titulo-2.png\" alt=\"\" srcset=\"http:\/\/educacionmusicaltemprana.es\/wp-content\/uploads\/2025\/06\/Diseno-sin-titulo-2.png 2048w, http:\/\/educacionmusicaltemprana.es\/wp-content\/uploads\/2025\/06\/Diseno-sin-titulo-2-300x300.png 300w, http:\/\/educacionmusicaltemprana.es\/wp-content\/uploads\/2025\/06\/Diseno-sin-titulo-2-1024x1024.png 1024w, http:\/\/educacionmusicaltemprana.es\/wp-content\/uploads\/2025\/06\/Diseno-sin-titulo-2-150x150.png 150w, http:\/\/educacionmusicaltemprana.es\/wp-content\/uploads\/2025\/06\/Diseno-sin-titulo-2-768x768.png 768w, http:\/\/educacionmusicaltemprana.es\/wp-content\/uploads\/2025\/06\/Diseno-sin-titulo-2-1536x1536.png 1536w\" sizes=\"(max-width: 400px) 100vw, 400px\" \/><\/td><\/tr><\/tbody><\/table><\/figure>\n\n\n\n<p><\/p>\n\n\n\n<p><strong> &nbsp;<\/strong><\/p>","protected":false},"excerpt":{"rendered":"<p>\u00bfQu\u00e9 es el Masaje Shantala? El Masaje Shantala es un t\u00e9cnica de masaje infantil, milenaria, de origen hind\u00fa, transmitida de generaci\u00f3n en generaci\u00f3n. En Occidente fue introducida por el obstetra franc\u00e9s Dr. Fr\u00e9d\u00e9rick Leboyer. En un viaje a la India, Leboyer, observ\u00f3 a una madre llamada Shantala masajear a su beb\u00e9. Qued\u00f3 impactado por los [&hellip;]<\/p>","protected":false},"author":1,"featured_media":0,"parent":0,"menu_order":0,"comment_status":"closed","ping_status":"closed","template":"","meta":{"footnotes":""},"class_list":["post-105","page","type-page","status-publish","hentry"],"_links":{"self":[{"href":"http:\/\/educacionmusicaltemprana.es\/eu\/wp-json\/wp\/v2\/pages\/105","targetHints":{"allow":["GET"]}}],"collection":[{"href":"http:\/\/educacionmusicaltemprana.es\/eu\/wp-json\/wp\/v2\/pages"}],"about":[{"href":"http:\/\/educacionmusicaltemprana.es\/eu\/wp-json\/wp\/v2\/types\/page"}],"author":[{"embeddable":true,"href":"http:\/\/educacionmusicaltemprana.es\/eu\/wp-json\/wp\/v2\/users\/1"}],"replies":[{"embeddable":true,"href":"http:\/\/educacionmusicaltemprana.es\/eu\/wp-json\/wp\/v2\/comments?post=105"}],"version-history":[{"count":0,"href":"http:\/\/educacionmusicaltemprana.es\/eu\/wp-json\/wp\/v2\/pages\/105\/revisions"}],"wp:attachment":[{"href":"http:\/\/educacionmusicaltemprana.es\/eu\/wp-json\/wp\/v2\/media?parent=105"}],"curies":[{"name":"wp","href":"https:\/\/api.w.org\/{rel}","templated":true}]}}