{"id":24,"date":"2025-06-08T15:53:44","date_gmt":"2025-06-08T15:53:44","guid":{"rendered":"http:\/\/educacionmusicaltemprana.es\/?page_id=24"},"modified":"2025-07-27T16:52:49","modified_gmt":"2025-07-27T16:52:49","slug":"mi-perfil","status":"publish","type":"page","link":"http:\/\/educacionmusicaltemprana.es\/eu\/mi-perfil\/","title":{"rendered":"Nire profila"},"content":{"rendered":"<p><a href=\"#quien-soy\">\u00bfNor naiz ni?<\/a><\/p>\n\n\n\n<p><a href=\"#titulaciones\">Tituluak<\/a><\/p>\n\n\n\n<p><a href=\"#cursos-realizados\">Cursos realizados<\/a><\/p>\n\n\n\n<p><a href=\"#Expepro\" data-type=\"internal\" data-id=\"#Expepro\">Experiencia profesional<\/a><\/p>\n\n\n\n<p><a href=\"#Formimp\" data-type=\"internal\" data-id=\"#Formimp\">Formaciones impartidas<\/a><\/p>\n\n\n\n<p><a href=\"#Proyeduc\" data-type=\"internal\" data-id=\"#Proyeduc\">Proyectos educativos<\/a><\/p>\n\n\n\n<p><\/p>\n\n\n\n<p><\/p>\n\n\n\n<p><\/p>\n\n\n\n<p><\/p>\n\n\n\n<p><\/p>\n\n\n\n<p><\/p>\n\n\n\n<p class=\"has-blush-light-purple-gradient-background has-background has-regular-font-size\" id=\"quien-soy\"><strong>\u00bfNor naiz ni?<\/strong><\/p>\n\n\n\n<p>Beatriz Garc\u00eda Rodriguez naiz, 1983an Donostian, jaio nintzen eta Irunen hazi nintzen. <strong>Beatriz Garc\u00eda<\/strong>, nac\u00ed en Donostia, en 1983 y crec\u00ed en Ir\u00fan.<\/p>\n\n\n\n<p>Oso gaztetatik banekien irakasle izan nahi nuela. Nire gurasoek diotenez, 3 urte nituenean, katu kumeak lerroan jartzen nituen eta eskolan baleude bezala irakasten nien. Oraindik idazten ez nekien arren, aitaren kinielak hartu eta zirriborratzen hasten nintzen, irakasle moduan.<\/p>\n\n\n\n<p>4 urterekin musika ikasketekin hasi nintzen. 7 urterekin, akordeoia ikasten hasi nintzen Irungo Udal Kontserbatorioan eta horrela hasi zen nire musika-esnaera. Akordeoian Goi Mailako Gradua lortu nuen. <strong>acorde\u00f3n<\/strong>, en el Conservatorio Municipal de Ir\u00fan y as\u00ed comenz\u00f3 mi despertar musical. Obtuve el Grado Superior de acorde\u00f3n.<\/p>\n\n\n\n<p class=\"translation-block\">Urteak pasa ahala, ume txikiek liluratzen nindutela konturatu nintzen eta musikarekin batera, niretzat konbinazio perfektua. Horrela, nire bokazioa aurkitu nuen. Musika Hizkuntza eta Hezkuntzaren Pedagogia, Musikenen (Euskal Herriko Goi Mailako Kontserbatorioan) ikasi nuen, Musika Hezkuntza Goiztiarrean espezializatuz. Erasmus bekari esker, Boloniako Kontserbatoriora (Italia) joan nintzen, non espezialitateko ikasketak Johannella Tafurirekin burutu nituen. Johannellaren \" Incanto\" izeneko ikerketan eta bere liburuan \" kolaboratu nuen: Musikalki jaiotzen da?  Nola sustatu haurren gaitasun musikalak.\u00b7<\/p>\n\n\n\n<p>Italian, haurtxoekin eta 12 urte arteko haurrekin praktika ugari egin nituen. Ez dut inoiz ahaztuko praktikaldiaren azken eguna. Ikasle batek pelutxe bat oparitu zidan, bertan ohar bat: \"Sei una brava maestra\". Hori izan zen nire ibilbide profesionalaren hasiera, nigan eragin handia izanik. Esperientzia hezigarria, emankorra, ederra eta aberasgarria.<\/p>\n\n\n\n<p class=\"translation-block\">Nire prestakuntza jarraitu nuen, Kantuko Titulu Profesionala eta Shantala Masaje irakasle ziurtagiria lortuz. Masajea gurasoen eta haurtxoen arteko lotura emozionala sendotzeko tresna bikaina denez, musikan ere nolabait txertatzea oso interesgarria iruditu zitzaidan.<\/p>\n\n\n\n<p>Nire prestakuntzarekin jarraitu nuen hainbat ikastaro eginez: akordeoia, kantua, musika hizkuntzako pedagogiak, psikomotrizitatea, beste pedagogiak (Montessori, Waldorf), informatika, informatika musikala... <strong>cursos<\/strong>: de acorde\u00f3n, canto, Orff, Psicomotricidad, Montessori, Waldorf\u2026<\/p>\n\n\n\n<p class=\"translation-block\">19 urtez, ondorengo espezialitateen klaseak eman ditut: musika-hezkuntza goiztiarra, musika-tailerrak, musika-hastapena, musika-hizkuntza, helduentzako musika-hizkuntza, akordeoia, abesbatza eta instrumentu-taldea\u00b7eman ditut.<\/p>\n\n\n\n<p class=\"translation-block\">\"Musika Hezkuntza Goiztiarreko\" espezialitatea hainbat musika eskolatan (Lazkao, Astigarraga, Urnieta, Zum\u00e1rraga, Azkoitia...) zein haurtzaindegietan (Kuttuna, Presentaci\u00f3n de Mar\u00eda...) ezartzen lagundu dut, bertako irakaslea izanik.\u00b7<\/p>\n\n\n\n<p><\/p>\n\n\n\n<p><\/p>\n\n\n\n<p class=\"has-blush-light-purple-gradient-background has-background has-regular-font-size\" id=\"titulaciones\"><strong>Tituluak<\/strong><\/p>\n\n\n\n<p class=\"translation-block\"><strong>\u221a <\/strong> Akordeoi Goi-mailako Gradua. Juan Cris\u00f3stomo de Arriaga Kontserbatorioan, Bilbon.<\/p>\n\n\n\n<p class=\"translation-block\">\u221a MusikaHizkuntza eta Hezkuntzaren Pedagogian lizentziaduna. Espezialitatea: Musika Hezkuntza Goiztiarra.\u00b7Musikenen, (Euskadiko Goi Mailako kontserbatorioan).<\/p>\n\n\n\n<p class=\"translation-block\">\u221a Musika Eskoletan I. Maila irakasteko gaitasuna.<\/p>\n\n\n\n<p class=\"translation-block\">\u221a Kantua Gradu-Profesionala. Francisco Escudero Kontserbatorioan, Donostian.<\/p>\n\n\n\n<p class=\"translation-block\">\u221a Shantala masaje monitorea.<\/p>\n\n\n\n<p><strong>\u221a&nbsp;&nbsp;&nbsp; <\/strong>EGA<\/p>\n\n\n\n<p>\u221a Frantsesa: B1<\/p>\n\n\n\n<p class=\"has-blush-light-purple-gradient-background has-background has-regular-font-size\" id=\"cursos-realizados\"><strong>Cursos realizados<\/strong><\/p>\n\n\n\n<p><strong>\u221a&nbsp;&nbsp;&nbsp;&nbsp; <\/strong>Diversos cursos de <strong>acorde\u00f3n, canto <\/strong>y<strong> t\u00e9cnica Alexander.<\/strong><\/p>\n\n\n\n<p><strong>\u221a &nbsp;&nbsp;&nbsp;<\/strong>Cursos de <strong>Educaci\u00f3n Musical Temprana y Pedagog\u00eda Musical<\/strong>: Orff, Willems, Dalcroze\u2026<\/p>\n\n\n\n<p><strong>\u221a&nbsp;&nbsp;&nbsp; <\/strong>Cursos de <strong>Pedagog\u00edas:<\/strong> Montessori y Waldorf.<\/p>\n\n\n\n<p><strong>\u221a&nbsp;&nbsp;&nbsp; <\/strong>Cursos de <strong>Inform\u00e1tica Musical:<\/strong> Editores de partituras (Finale, Muscore), App inventor, Taller de LIM\u2026<\/p>\n\n\n\n<p><strong>\u221a&nbsp;&nbsp;&nbsp; <\/strong>Cursos de <strong>Inform\u00e1tica:<\/strong> Word, excell, power point.<\/p>\n\n\n\n<p><strong>\u221a&nbsp;&nbsp;&nbsp; <\/strong>Cursos de <strong>Psicomotricidad.<\/strong><\/p>\n\n\n\n<p><strong>\u221a&nbsp;&nbsp;&nbsp; <\/strong>Cursos de <strong>\u201cCuenta-cuentos\u201d.<\/strong><\/p>\n\n\n\n<p><\/p>\n\n\n\n<p class=\"has-blush-light-purple-gradient-background has-background has-regular-font-size\" id=\"Expepro\"><strong>Experiencia profesional<\/strong><\/p>\n\n\n\n<p>Profesora y <strong>colaboradora en la implantaci\u00f3n<\/strong> de la asignatura de <strong>\u201cEducaci\u00f3n Musical Temprana\u201d<\/strong> en diversas escuelas de m\u00fasica (Lazkao Txiki musika eskola, Norberto Almandoz, Lourdes Iriondo, Bizkargi y Secundino Esnaola), as\u00ed como en escuelas infantiles (Ir\u00fan: Kuttuna haur eskola. Olaberria, Donostia: Presentaci\u00f3n de Mar\u00eda\u2026).<\/p>\n\n\n\n<p>He impartido clases de: <strong>educaci\u00f3n musical temprana<\/strong>, <strong>taller musical,<\/strong> <strong>iniciaci\u00f3n, lenguaje musical,<\/strong> lenguaje musical para adultos, <strong>acorde\u00f3n<\/strong>, <strong>coro<\/strong> y <strong>conjunto instrumental<\/strong> en las siguientes Escuelas de M\u00fasica del Pa\u00eds Vasco:<\/p>\n\n\n\n<ul class=\"wp-block-list\">\n<li><em>Lazkao Txiki <\/em>Musika Eskola. Lazkao.<\/li>\n\n\n\n<li><em>Norberto Almandoz<\/em> Musika Eskola. Astigarraga.<\/li>\n\n\n\n<li>Escuela y Conservatorio de M\u00fasica y Danza. Ir\u00fan.<\/li>\n\n\n\n<li><em>Bizkargi<\/em> Musika Eskola. Azkoitia.<\/li>\n\n\n\n<li><em>Secundino Esnaola<\/em> Musika Eskola. Zum\u00e1rraga.<\/li>\n\n\n\n<li><em>Lourdes Iriondo<\/em> Musika Eskola. Urnieta.<\/li>\n<\/ul>\n\n\n\n<p>He sido <strong>directora <\/strong>en la Escuela de M\u00fasica \u201cLourdes Iriondo\u201d de Urnieta (2011-2013), donde actualmente imparto clases de Taller Musical, Iniciaci\u00f3n y Lenguaje Musical.<\/p>\n\n\n\n<p>He trabajado tambi\u00e9n en las siguientes <strong>Escuelas Infantiles<\/strong>, dando clases de \u201cEducaci\u00f3n Musical Temprana\u201d y&nbsp; <strong>\u201cMasaje Shantala\u201d<\/strong>.<\/p>\n\n\n\n<ul class=\"wp-block-list\">\n<li>Kuttuna haur eskola. Ir\u00fan.<\/li>\n\n\n\n<li>Olaberriko Haurreskola. Olaberria.<\/li>\n\n\n\n<li>Presentaci\u00f3n de Mar\u00eda. Haur eskola. Donostia.<\/li>\n<\/ul>\n\n\n\n<p class=\"has-blush-light-purple-gradient-background has-background has-regular-font-size\" id=\"Formimp\"><strong>Formaciones impartidas<\/strong><\/p>\n\n\n\n<p><strong>Ponente<\/strong> en las siguientes conferencias:<\/p>\n\n\n\n<ul class=\"wp-block-list\">\n<li>\u201cEducaci\u00f3n Musical Temprana en las Escuelas de M\u00fasica: Ampliando Horizontes\u201d. EHME (Euskal Herriko Musika eta Dantza Elkartea). Bilbao, 2010.<\/li>\n<\/ul>\n\n\n\n<ul class=\"wp-block-list\">\n<li><strong>\u201c<\/strong>La educaci\u00f3n musical temprana\u201d. EHME. Donostia, 2016.<\/li>\n<\/ul>\n\n\n\n<ul class=\"wp-block-list\">\n<li>\u201cHezkuntza Goiztiarra\u201d. Jose de Azpiazu Musika Eskola. O\u00f1ati, 2017.<\/li>\n<\/ul>\n\n\n\n<ul class=\"wp-block-list\">\n<li>\u201cEstimulazio Goiztiarra \u201d. Ttiklik. Beasain, 2017.<\/li>\n<\/ul>\n\n\n\n<ul class=\"wp-block-list\">\n<li>\u201cMusika tailerra. Umea hazi, musika biziz\u201d. Ameikutz Musika Eskola. Mendaro, 2023.<\/li>\n<\/ul>\n\n\n\n<ul class=\"wp-block-list\">\n<li>\u201cDecreto 64\/2024 Nuevas oportunidades\u201d sobre \u201cEducaci\u00f3n Musical Temprana\u201d. EHME. Bilbao, 2024.<\/li>\n<\/ul>\n\n\n\n<p>Cursos de<strong> formaci\u00f3n para docentes:<\/strong><\/p>\n\n\n\n<ul class=\"wp-block-list\">\n<li>\u201cEstimulaci\u00f3n musical temprana para educadores\/as \u201d. Ttiklik. Beasain, 2018.<\/li>\n\n\n\n<li>\u201cMusika Hezkuntza Goiztiarra\u201d. EHME. Curso de 20 horas para docentes. Bilbao, 2025.<\/li>\n<\/ul>\n\n\n\n<p class=\"has-blush-light-purple-gradient-background has-background has-regular-font-size\" id=\"Proyeduc\"><strong>Proyectos educativos<\/strong><\/p>\n\n\n\n<p>Otra de mis aficiones, es crear <strong>conciertos did\u00e1cticos<\/strong>. Invento una historia o parto de un cuento existente y lo adapto a las necesidades de la escuela. Me encargo de la edici\u00f3n y creaci\u00f3n de videos, presentaci\u00f3n del concierto y gu\u00edo al alumnado que participa cantando, bailando, realizando percusi\u00f3n corporal&#8230;<\/p>\n\n\n\n<p>Algunos conciertos realizados:<\/p>\n\n\n\n<p><strong>\u221a <\/strong>&nbsp;<strong>Conciertos did\u00e1cticos<\/strong> dirigidos a alumnado de <strong>primaria<\/strong>. Escuela de M\u00fasica Lourdes Iriondo. Urnieta:<\/p>\n\n\n\n<ul class=\"wp-block-list\">\n<li>2015. La isla de los sonidos.<\/li>\n\n\n\n<li>2023. Moro Katua.<\/li>\n\n\n\n<li>2024. Txapela buruan eta ibili munduan,<\/li>\n<\/ul>\n\n\n\n<p>\u221a&nbsp; <strong>Conciertos did\u00e1cticos en familia<\/strong>:<\/p>\n\n\n\n<ul class=\"wp-block-list\">\n<li>2.018. <strong><em>Godzilla eat las Vegas.<\/em> <\/strong>La Banda de Zum\u00e1rraga y alumnado de la escuela de m\u00fasica <em>Secundino Esnaola.<\/em> Zum\u00e1rraga.<\/li>\n\n\n\n<li>2.018. <strong><em>Koloretako munstroa.<\/em><\/strong> La banda de Zum\u00e1rraga y alumnado de la escuela de m\u00fasica <em>Secundino Esnaola<\/em>,<\/li>\n\n\n\n<li>2024. <strong><em>Sofia, musika maitatzen zuen behia.<\/em><\/strong> Dirigido a ni\u00f1os\/as entre 2 y 8 a\u00f1os.<strong> &nbsp;<\/strong>Escuela de m\u00fasica <em>Lourdes Iriondo<\/em> de Urnieta.<\/li>\n<\/ul>","protected":false},"excerpt":{"rendered":"<p>\u00bfQuien soy? Titulaciones Cursos realizados Experiencia profesional Formaciones impartidas Proyectos educativos \u00bfQui\u00e9n soy? Mi nombre es Beatriz Garc\u00eda, nac\u00ed en Donostia, en 1983 y crec\u00ed en Ir\u00fan. Desde muy peque\u00f1a, ten\u00eda claro que quer\u00eda ser profesora. Mis padres cuentan que con 3 a\u00f1os pon\u00eda a mis gatitos en fila y les ense\u00f1aba, como si estuvieran [&hellip;]<\/p>","protected":false},"author":1,"featured_media":0,"parent":0,"menu_order":0,"comment_status":"closed","ping_status":"closed","template":"","meta":{"footnotes":""},"class_list":["post-24","page","type-page","status-publish","hentry"],"_links":{"self":[{"href":"http:\/\/educacionmusicaltemprana.es\/eu\/wp-json\/wp\/v2\/pages\/24","targetHints":{"allow":["GET"]}}],"collection":[{"href":"http:\/\/educacionmusicaltemprana.es\/eu\/wp-json\/wp\/v2\/pages"}],"about":[{"href":"http:\/\/educacionmusicaltemprana.es\/eu\/wp-json\/wp\/v2\/types\/page"}],"author":[{"embeddable":true,"href":"http:\/\/educacionmusicaltemprana.es\/eu\/wp-json\/wp\/v2\/users\/1"}],"replies":[{"embeddable":true,"href":"http:\/\/educacionmusicaltemprana.es\/eu\/wp-json\/wp\/v2\/comments?post=24"}],"version-history":[{"count":0,"href":"http:\/\/educacionmusicaltemprana.es\/eu\/wp-json\/wp\/v2\/pages\/24\/revisions"}],"wp:attachment":[{"href":"http:\/\/educacionmusicaltemprana.es\/eu\/wp-json\/wp\/v2\/media?parent=24"}],"curies":[{"name":"wp","href":"https:\/\/api.w.org\/{rel}","templated":true}]}}