{"id":922,"date":"2025-07-13T11:27:20","date_gmt":"2025-07-13T11:27:20","guid":{"rendered":"https:\/\/educacionmusicaltemprana.es\/?page_id=922"},"modified":"2025-07-13T11:33:26","modified_gmt":"2025-07-13T11:33:26","slug":"contacto","status":"publish","type":"page","link":"https:\/\/educacionmusicaltemprana.es\/eu\/contacto\/","title":{"rendered":"Contacto"},"content":{"rendered":"<p>Para m\u00e1s informaci\u00f3n contacta con nosotros a trav\u00e9s de este correo: <strong>contacto@educacionmusicaltemprana.es<\/strong> <\/p>\n\n\n\n<p>Contestaremos con la mayor brevedad posible. <\/p>","protected":false},"excerpt":{"rendered":"<p>Para m\u00e1s informaci\u00f3n contacta con nosotros a trav\u00e9s de este correo: contacto@educacionmusicaltemprana.es Contestaremos con la mayor brevedad posible.<\/p>","protected":false},"author":1,"featured_media":0,"parent":0,"menu_order":0,"comment_status":"closed","ping_status":"closed","template":"","meta":{"footnotes":""},"class_list":["post-922","page","type-page","status-publish","hentry"],"_links":{"self":[{"href":"https:\/\/educacionmusicaltemprana.es\/eu\/wp-json\/wp\/v2\/pages\/922","targetHints":{"allow":["GET"]}}],"collection":[{"href":"https:\/\/educacionmusicaltemprana.es\/eu\/wp-json\/wp\/v2\/pages"}],"about":[{"href":"https:\/\/educacionmusicaltemprana.es\/eu\/wp-json\/wp\/v2\/types\/page"}],"author":[{"embeddable":true,"href":"https:\/\/educacionmusicaltemprana.es\/eu\/wp-json\/wp\/v2\/users\/1"}],"replies":[{"embeddable":true,"href":"https:\/\/educacionmusicaltemprana.es\/eu\/wp-json\/wp\/v2\/comments?post=922"}],"version-history":[{"count":0,"href":"https:\/\/educacionmusicaltemprana.es\/eu\/wp-json\/wp\/v2\/pages\/922\/revisions"}],"wp:attachment":[{"href":"https:\/\/educacionmusicaltemprana.es\/eu\/wp-json\/wp\/v2\/media?parent=922"}],"curies":[{"name":"wp","href":"https:\/\/api.w.org\/{rel}","templated":true}]}}