{"id":97,"date":"2025-06-11T15:36:29","date_gmt":"2025-06-11T15:36:29","guid":{"rendered":"http:\/\/educacionmusicaltemprana.es\/?page_id=97"},"modified":"2025-07-12T14:16:44","modified_gmt":"2025-07-12T14:16:44","slug":"conocenos","status":"publish","type":"page","link":"https:\/\/educacionmusicaltemprana.es\/eu\/conocenos\/","title":{"rendered":"Con\u00f3cenos"},"content":{"rendered":"<p>EMT (Educaci\u00f3n Musical Temprana) es un <strong>espacio<\/strong> dedicado principalmente a la <strong>primera infancia,<\/strong> y en concreto, a la<strong> educaci\u00f3n musical<\/strong> y al <strong>Shantala Masajea<\/strong>.<\/p>\n\n\n\n<p>Entre los servicios que se ofrecen, encontramos <strong>cursos pr\u00e1cticos<\/strong> dirigidos a ni\u00f1os\/as de 0-3 a\u00f1os, de <strong>Musika hezkuntza goiztiarra<\/strong> y de <strong>Shantala Masajea<\/strong>.<\/p>\n\n\n\n<p>Por otro lado, nos dirigimos tambi\u00e9n, a un alumnado de mayor edad, ofertando un curso intensivo online para preparar <strong>Pruebas de Acceso a Ense\u00f1anzas Profesionales <\/strong>y otro curso online de <strong>Lenguaje Musical para adultos.<\/strong><\/p>\n\n\n\n<p>Tambi\u00e9n, se imparten <strong>cursos de formaci\u00f3n<\/strong>, dirigido a docentes. Cursos de Educaci\u00f3n Musical Temprana, M\u00fasica y movimiento y Masaje Shantala.<\/p>\n\n\n\n<p>Por \u00faltimo, se facilitan <strong>recursos<\/strong> para el alumnado de 0-6 a\u00f1os: canciones, v\u00eddeos, musicogramas\u2026<\/p>","protected":false},"excerpt":{"rendered":"<p>EMT (Educaci\u00f3n Musical Temprana) es un espacio dedicado principalmente a la primera infancia, y en concreto, a la educaci\u00f3n musical y al Masaje Shantala. Entre los servicios que se ofrecen, encontramos cursos pr\u00e1cticos dirigidos a ni\u00f1os\/as de 0-3 a\u00f1os, de Educaci\u00f3n Musical Temprana y de Masaje Shantala. Por otro lado, nos dirigimos tambi\u00e9n, a un [&hellip;]<\/p>","protected":false},"author":1,"featured_media":0,"parent":0,"menu_order":0,"comment_status":"closed","ping_status":"closed","template":"","meta":{"footnotes":""},"class_list":["post-97","page","type-page","status-publish","hentry"],"_links":{"self":[{"href":"https:\/\/educacionmusicaltemprana.es\/eu\/wp-json\/wp\/v2\/pages\/97","targetHints":{"allow":["GET"]}}],"collection":[{"href":"https:\/\/educacionmusicaltemprana.es\/eu\/wp-json\/wp\/v2\/pages"}],"about":[{"href":"https:\/\/educacionmusicaltemprana.es\/eu\/wp-json\/wp\/v2\/types\/page"}],"author":[{"embeddable":true,"href":"https:\/\/educacionmusicaltemprana.es\/eu\/wp-json\/wp\/v2\/users\/1"}],"replies":[{"embeddable":true,"href":"https:\/\/educacionmusicaltemprana.es\/eu\/wp-json\/wp\/v2\/comments?post=97"}],"version-history":[{"count":0,"href":"https:\/\/educacionmusicaltemprana.es\/eu\/wp-json\/wp\/v2\/pages\/97\/revisions"}],"wp:attachment":[{"href":"https:\/\/educacionmusicaltemprana.es\/eu\/wp-json\/wp\/v2\/media?parent=97"}],"curies":[{"name":"wp","href":"https:\/\/api.w.org\/{rel}","templated":true}]}}