{"id":990,"date":"2025-07-15T12:25:09","date_gmt":"2025-07-15T12:25:09","guid":{"rendered":"https:\/\/educacionmusicaltemprana.es\/?page_id=990"},"modified":"2025-07-17T12:46:47","modified_gmt":"2025-07-17T12:46:47","slug":"recursos","status":"publish","type":"page","link":"https:\/\/educacionmusicaltemprana.es\/eu\/recursos\/","title":{"rendered":"Baliabideak"},"content":{"rendered":"<figure class=\"wp-block-image size-full is-resized\"><a href=\"https:\/\/www.youtube.com\/channel\/UCFBmW4PcD301ITr_XuXSBaQ\"><img fetchpriority=\"high\" decoding=\"async\" width=\"640\" height=\"443\" src=\"https:\/\/educacionmusicaltemprana.es\/wp-content\/uploads\/2025\/07\/Youtube_logo.png\" alt=\"\" class=\"wp-image-993\" style=\"width:195px;height:auto\" srcset=\"https:\/\/educacionmusicaltemprana.es\/wp-content\/uploads\/2025\/07\/Youtube_logo.png 640w, https:\/\/educacionmusicaltemprana.es\/wp-content\/uploads\/2025\/07\/Youtube_logo-300x208.png 300w\" sizes=\"(max-width: 640px) 100vw, 640px\" \/><\/a><\/figure>\n\n\n\n<p><strong>Explora m\u00e1s recursos en nuestro canal de YouTube<\/strong><\/p>\n\n\n\n<p class=\"has-foreground-color has-vivid-purple-background-color has-text-color has-background has-link-color wp-elements-344117941df0a6f004d2d0f8031962f2\" id=\"CUENTOS\" style=\"font-size:40px\"><strong>IPUIN MUSIKATUAK<\/strong><\/p>\n\n\n\n<p class=\"translation-block\"><strong>Krokodriloa. Kalandraka.<\/strong> Musika: Beatriz Garc\u00eda.<\/p>\n\n\n\n<figure class=\"wp-block-embed is-type-video is-provider-youtube wp-block-embed-youtube\"><div class=\"wp-block-embed__wrapper\">\n<iframe title=\"Krokodiloa kalandraka\" width=\"500\" height=\"281\" src=\"https:\/\/www.youtube.com\/embed\/15_FcT6uN2M?feature=oembed\" frameborder=\"0\" allow=\"accelerometer; autoplay; clipboard-write; encrypted-media; gyroscope; picture-in-picture; web-share\" referrerpolicy=\"strict-origin-when-cross-origin\" allowfullscreen><\/iframe>\n<\/div><\/figure>\n\n\n\n<p class=\"translation-block\"><strong>Krokodiloa<\/strong>. Kalandraka. Aplikazio didaktikoa.<\/p>\n\n\n\n<figure class=\"wp-block-embed is-type-video is-provider-youtube wp-block-embed-youtube\"><div class=\"wp-block-embed__wrapper\">\n<iframe title=\"Krokodiloa. Kalandraka.\" width=\"500\" height=\"281\" src=\"https:\/\/www.youtube.com\/embed\/zXteW-DUy7s?feature=oembed\" frameborder=\"0\" allow=\"accelerometer; autoplay; clipboard-write; encrypted-media; gyroscope; picture-in-picture; web-share\" referrerpolicy=\"strict-origin-when-cross-origin\" allowfullscreen><\/iframe>\n<\/div><\/figure>\n\n\n\n<p class=\"translation-block\"><strong>Frutak. Kalandraka.<\/strong> Musika: Marta Canellas. Planeta del mar charlat\u00e1n.<\/p>\n\n\n\n<figure class=\"wp-block-embed is-type-video is-provider-youtube wp-block-embed-youtube\"><div class=\"wp-block-embed__wrapper\">\n<iframe title=\"Frutak Kalandraka\" width=\"500\" height=\"281\" src=\"https:\/\/www.youtube.com\/embed\/775XBWW9yq8?feature=oembed\" frameborder=\"0\" allow=\"accelerometer; autoplay; clipboard-write; encrypted-media; gyroscope; picture-in-picture; web-share\" referrerpolicy=\"strict-origin-when-cross-origin\" allowfullscreen><\/iframe>\n<\/div><\/figure>\n\n\n\n<p class=\"translation-block\"><strong>Frutak, karaoke. Kalandraka.<\/strong> Musika: Marta Canellas. Planeta del mar charlat\u00e1n.<\/p>\n\n\n\n<figure class=\"wp-block-embed is-type-video is-provider-youtube wp-block-embed-youtube\"><div class=\"wp-block-embed__wrapper\">\n<iframe title=\"Frutak Kalandraka karaoke\" width=\"500\" height=\"281\" src=\"https:\/\/www.youtube.com\/embed\/ckcd8HE6f6A?feature=oembed\" frameborder=\"0\" allow=\"accelerometer; autoplay; clipboard-write; encrypted-media; gyroscope; picture-in-picture; web-share\" referrerpolicy=\"strict-origin-when-cross-origin\" allowfullscreen><\/iframe>\n<\/div><\/figure>\n\n\n\n<p><strong>Arbola. Kalandraka.<\/strong> <\/p>\n\n\n\n<figure class=\"wp-block-embed is-type-video is-provider-youtube wp-block-embed-youtube\"><div class=\"wp-block-embed__wrapper\">\n<iframe title=\"Arbola Kalandraka\" width=\"500\" height=\"281\" src=\"https:\/\/www.youtube.com\/embed\/Pjykefyxn8Y?feature=oembed\" frameborder=\"0\" allow=\"accelerometer; autoplay; clipboard-write; encrypted-media; gyroscope; picture-in-picture; web-share\" referrerpolicy=\"strict-origin-when-cross-origin\" allowfullscreen><\/iframe>\n<\/div><\/figure>\n\n\n\n<p><strong>Arbola, karaoke. Kalandraka. <\/strong><\/p>\n\n\n\n<figure class=\"wp-block-embed is-type-video is-provider-youtube wp-block-embed-youtube\"><div class=\"wp-block-embed__wrapper\">\n<iframe title=\"Arbola kalandraka karaoke\" width=\"500\" height=\"281\" src=\"https:\/\/www.youtube.com\/embed\/ZJABzqN1Gto?feature=oembed\" frameborder=\"0\" allow=\"accelerometer; autoplay; clipboard-write; encrypted-media; gyroscope; picture-in-picture; web-share\" referrerpolicy=\"strict-origin-when-cross-origin\" allowfullscreen><\/iframe>\n<\/div><\/figure>\n\n\n\n<p><\/p>\n\n\n\n<p class=\"has-foreground-color has-vivid-purple-background-color has-text-color has-background has-link-color wp-elements-a9bf0d8701cc7eede2ab744efe788b23\" id=\"MUSICOGRAMAS\" style=\"font-size:40px\"><strong>MUSIKOGRAMAK<\/strong><\/p>\n\n\n\n<p class=\"translation-block\"><strong>Orduen dantza, musika-tresnekin.<\/strong> Ponchielli.<\/p>\n\n\n\n<figure class=\"wp-block-embed is-type-video is-provider-youtube wp-block-embed-youtube\"><div class=\"wp-block-embed__wrapper\">\n<iframe title=\"Dance of the hours. Percussion\" width=\"500\" height=\"281\" src=\"https:\/\/www.youtube.com\/embed\/zg_PnP5InvQ?feature=oembed\" frameborder=\"0\" allow=\"accelerometer; autoplay; clipboard-write; encrypted-media; gyroscope; picture-in-picture; web-share\" referrerpolicy=\"strict-origin-when-cross-origin\" allowfullscreen><\/iframe>\n<\/div><\/figure>\n\n\n\n<p><\/p>\n\n\n\n<p class=\"translation-block\"><strong>Orduen dantza gorputz-perkusioarekin.<\/strong> Ponchielli.<\/p>\n\n\n\n<figure class=\"wp-block-embed is-type-video is-provider-youtube wp-block-embed-youtube\"><div class=\"wp-block-embed__wrapper\">\n<iframe title=\"ponchielli euskeraz 1maila\" width=\"500\" height=\"281\" src=\"https:\/\/www.youtube.com\/embed\/gPWt_3bsmYE?feature=oembed\" frameborder=\"0\" allow=\"accelerometer; autoplay; clipboard-write; encrypted-media; gyroscope; picture-in-picture; web-share\" referrerpolicy=\"strict-origin-when-cross-origin\" allowfullscreen><\/iframe>\n<\/div><\/figure>\n\n\n\n<p><\/p>\n\n\n\n<p class=\"translation-block\"><strong>Toreatzaile. <\/strong>Carmen. Bizet. 1.maila.<\/p>\n\n\n\n<figure class=\"wp-block-embed is-type-video is-provider-youtube wp-block-embed-youtube\"><div class=\"wp-block-embed__wrapper\">\n<iframe title=\"Toreador Carmen Bizet 1 maila\" width=\"500\" height=\"281\" src=\"https:\/\/www.youtube.com\/embed\/-7fLDLGZ2NY?start=6&#038;feature=oembed\" frameborder=\"0\" allow=\"accelerometer; autoplay; clipboard-write; encrypted-media; gyroscope; picture-in-picture; web-share\" referrerpolicy=\"strict-origin-when-cross-origin\" allowfullscreen><\/iframe>\n<\/div><\/figure>\n\n\n\n<p><\/p>\n\n\n\n<p class=\"translation-block\"><strong>Toreatzaile. <\/strong> Carmen. Bizet. 2.maila.<\/p>\n\n\n\n<figure class=\"wp-block-embed is-type-video is-provider-youtube wp-block-embed-youtube\"><div class=\"wp-block-embed__wrapper\">\n<iframe title=\"Carmen Bizet\" width=\"500\" height=\"281\" src=\"https:\/\/www.youtube.com\/embed\/6fkcRTgY-zQ?start=40&#038;feature=oembed\" frameborder=\"0\" allow=\"accelerometer; autoplay; clipboard-write; encrypted-media; gyroscope; picture-in-picture; web-share\" referrerpolicy=\"strict-origin-when-cross-origin\" allowfullscreen><\/iframe>\n<\/div><\/figure>\n\n\n\n<p><\/p>\n\n\n\n<p class=\"translation-block\"><strong>Rock and Roll.<\/strong> Musika: Beatriz Garc\u00eda.<\/p>\n\n\n\n<figure class=\"wp-block-embed is-type-video is-provider-youtube wp-block-embed-youtube\"><div class=\"wp-block-embed__wrapper\">\n<iframe title=\"Rock and roll\" width=\"500\" height=\"281\" src=\"https:\/\/www.youtube.com\/embed\/g92RNKTkhek?feature=oembed\" frameborder=\"0\" allow=\"accelerometer; autoplay; clipboard-write; encrypted-media; gyroscope; picture-in-picture; web-share\" referrerpolicy=\"strict-origin-when-cross-origin\" allowfullscreen><\/iframe>\n<\/div><\/figure>\n\n\n\n<p><\/p>\n\n\n\n<p class=\"translation-block\"><strong>Tango.<\/strong> Musika: Beatriz Garc\u00eda.<\/p>\n\n\n\n<figure class=\"wp-block-embed is-type-video is-provider-youtube wp-block-embed-youtube\"><div class=\"wp-block-embed__wrapper\">\n<iframe title=\"tango play along\" width=\"500\" height=\"281\" src=\"https:\/\/www.youtube.com\/embed\/AGbSqY90qK8?feature=oembed\" frameborder=\"0\" allow=\"accelerometer; autoplay; clipboard-write; encrypted-media; gyroscope; picture-in-picture; web-share\" referrerpolicy=\"strict-origin-when-cross-origin\" allowfullscreen><\/iframe>\n<\/div><\/figure>\n\n\n\n<p><\/p>\n\n\n\n<p class=\"has-foreground-color has-vivid-purple-background-color has-text-color has-background has-link-color wp-elements-aac359ae88a83f6994c0f720167da871\" id=\"ACARICIAR\" style=\"font-size:34px\"><strong>LAZTANTZEKO ABESTIAK<\/strong><\/p>\n\n\n\n<p><\/p>\n\n\n\n<p><strong>Aurpegi etxea<\/strong>. Punpalaplan. Euskal Jolasen Bilduma. <\/p>\n\n\n\n<figure class=\"wp-block-embed is-type-video is-provider-youtube wp-block-embed-youtube\"><div class=\"wp-block-embed__wrapper\">\n<iframe title=\"Aurpegi etxea  Punpalaplan\" width=\"500\" height=\"281\" src=\"https:\/\/www.youtube.com\/embed\/oHwa2bCaDKI?feature=oembed\" frameborder=\"0\" allow=\"accelerometer; autoplay; clipboard-write; encrypted-media; gyroscope; picture-in-picture; web-share\" referrerpolicy=\"strict-origin-when-cross-origin\" allowfullscreen><\/iframe>\n<\/div><\/figure>\n\n\n\n<p class=\"has-foreground-color has-vivid-purple-background-color has-text-color has-background has-link-color wp-elements-1bafd488b5b772f3d44ffb38bb79ecf3\" id=\"TROTAR\" style=\"font-size:34px\"><strong>TROSTAN IBILTZEKO ABESTIAK<\/strong><\/p>\n\n\n\n<p><\/p>\n\n\n\n<p><\/p>\n\n\n\n<p class=\"has-foreground-color has-vivid-purple-background-color has-text-color has-background has-link-color wp-elements-68853ba9daf3e5deb4ee4cfda1e32449\" id=\"DEDOS\" style=\"font-size:34px\"><strong>HATZEKIN JOLASTEKO ABESTIAK<\/strong><\/p>\n\n\n\n<p><strong>Cinco ratoncitos.<\/strong> CantaJuegos. <\/p>\n\n\n\n<figure class=\"wp-block-embed is-type-video is-provider-youtube wp-block-embed-youtube\"><div class=\"wp-block-embed__wrapper\">\n<iframe title=\"Behatzekin jolasteko abestia, 5 sagu txiki\" width=\"500\" height=\"281\" src=\"https:\/\/www.youtube.com\/embed\/z7KELMWDjb0?feature=oembed\" frameborder=\"0\" allow=\"accelerometer; autoplay; clipboard-write; encrypted-media; gyroscope; picture-in-picture; web-share\" referrerpolicy=\"strict-origin-when-cross-origin\" allowfullscreen><\/iframe>\n<\/div><\/figure>\n\n\n\n<p><\/p>\n\n\n\n<p class=\"has-foreground-color has-vivid-purple-background-color has-text-color has-background has-link-color wp-elements-be46d97861aee50bc5913196b9a571f8\" id=\"MANOS\" style=\"font-size:34px\"><strong>ESKUEKIN JOLASTEKO ABESTIAK<\/strong><\/p>\n\n\n\n<p><strong>Xoria<\/strong>. Esku jokoak. Oihana Esquirol Picabea. <\/p>\n\n\n\n<figure class=\"wp-block-embed is-type-video is-provider-youtube wp-block-embed-youtube\"><div class=\"wp-block-embed__wrapper\">\n<iframe title=\"Eskuekin jolasteko abestia  Xoria\" width=\"500\" height=\"281\" src=\"https:\/\/www.youtube.com\/embed\/7zFTnrOwqfw?feature=oembed\" frameborder=\"0\" allow=\"accelerometer; autoplay; clipboard-write; encrypted-media; gyroscope; picture-in-picture; web-share\" referrerpolicy=\"strict-origin-when-cross-origin\" allowfullscreen><\/iframe>\n<\/div><\/figure>\n\n\n\n<p><\/p>\n\n\n\n<p><strong>Wishi ta tuja. <\/strong><\/p>\n\n\n\n<figure class=\"wp-block-embed is-type-video is-provider-youtube wp-block-embed-youtube\"><div class=\"wp-block-embed__wrapper\">\n<iframe title=\"Eskuekin  jolasteko abestia. Wishi ta tuja\" width=\"500\" height=\"281\" src=\"https:\/\/www.youtube.com\/embed\/CcXLe7qq6Dg?start=66&#038;feature=oembed\" frameborder=\"0\" allow=\"accelerometer; autoplay; clipboard-write; encrypted-media; gyroscope; picture-in-picture; web-share\" referrerpolicy=\"strict-origin-when-cross-origin\" allowfullscreen><\/iframe>\n<\/div><\/figure>\n\n\n\n<p><\/p>\n\n\n\n<p><strong>Una nube.<\/strong> Vuelta Canela. <\/p>\n\n\n\n<figure class=\"wp-block-embed is-type-video is-provider-youtube wp-block-embed-youtube\"><div class=\"wp-block-embed__wrapper\">\n<iframe title=\"Eskuekin jolasteko abestia. Hodeia eta euria\" width=\"500\" height=\"281\" src=\"https:\/\/www.youtube.com\/embed\/Z9BWcMeC29k?feature=oembed\" frameborder=\"0\" allow=\"accelerometer; autoplay; clipboard-write; encrypted-media; gyroscope; picture-in-picture; web-share\" referrerpolicy=\"strict-origin-when-cross-origin\" allowfullscreen><\/iframe>\n<\/div><\/figure>\n\n\n\n<p><strong>T\u00edteres bailando.<\/strong> Oihana Esquirol. <\/p>\n\n\n\n<figure class=\"wp-block-embed is-type-video is-provider-youtube wp-block-embed-youtube\"><div class=\"wp-block-embed__wrapper\">\n<iframe title=\"Txontxongilo dantzan. Oihana Esquirol\" width=\"500\" height=\"281\" src=\"https:\/\/www.youtube.com\/embed\/mu27eiF7HJI?feature=oembed\" frameborder=\"0\" allow=\"accelerometer; autoplay; clipboard-write; encrypted-media; gyroscope; picture-in-picture; web-share\" referrerpolicy=\"strict-origin-when-cross-origin\" allowfullscreen><\/iframe>\n<\/div><\/figure>\n\n\n\n<p class=\"has-foreground-color has-vivid-purple-background-color has-text-color has-background has-link-color wp-elements-1a6c62fd1337e86def6e0e96f1afc800\" id=\"INSTRUMENTOS\" style=\"font-size:34px\"><strong>MUSIKA TRESNAK JOTZEKO ABESTIAK<\/strong><\/p>\n\n\n\n<p><strong>El grillo y la pulga.<\/strong> Instrumentos: tambor, maracas y platillos. <\/p>\n\n\n\n<figure class=\"wp-block-embed is-type-video is-provider-youtube wp-block-embed-youtube\"><div class=\"wp-block-embed__wrapper\">\n<iframe title=\"kilkerra eta arkakusoa\" width=\"500\" height=\"281\" src=\"https:\/\/www.youtube.com\/embed\/l_dI9mJmbG4?feature=oembed\" frameborder=\"0\" allow=\"accelerometer; autoplay; clipboard-write; encrypted-media; gyroscope; picture-in-picture; web-share\" referrerpolicy=\"strict-origin-when-cross-origin\" allowfullscreen><\/iframe>\n<\/div><\/figure>\n\n\n\n<p><\/p>\n\n\n\n<p><strong>John Ryan\u00b4s Polka.<\/strong> Titanic. (The Triskells). Con cucharas. <\/p>\n\n\n\n<figure class=\"wp-block-embed is-type-video is-provider-youtube wp-block-embed-youtube\"><div class=\"wp-block-embed__wrapper\">\n<iframe title=\"Titanic canci\u00f3n con cucharas &quot;Ryan\u00b4s polka&quot;\" width=\"500\" height=\"281\" src=\"https:\/\/www.youtube.com\/embed\/wHq5w_s6imE?feature=oembed\" frameborder=\"0\" allow=\"accelerometer; autoplay; clipboard-write; encrypted-media; gyroscope; picture-in-picture; web-share\" referrerpolicy=\"strict-origin-when-cross-origin\" allowfullscreen><\/iframe>\n<\/div><\/figure>\n\n\n\n<p><\/p>\n\n\n\n<p><strong>El Camale\u00f3n.<\/strong> Stradivari. Canci\u00f3n de cha-cha-ch\u00e1 con objetos cotidianos. <\/p>\n\n\n\n<figure class=\"wp-block-embed is-type-video is-provider-youtube wp-block-embed-youtube\"><div class=\"wp-block-embed__wrapper\">\n<iframe title=\"Abestia lapiko, tapa, goilara eta botilararekin\" width=\"500\" height=\"281\" src=\"https:\/\/www.youtube.com\/embed\/imqVzGOkQN8?feature=oembed\" frameborder=\"0\" allow=\"accelerometer; autoplay; clipboard-write; encrypted-media; gyroscope; picture-in-picture; web-share\" referrerpolicy=\"strict-origin-when-cross-origin\" allowfullscreen><\/iframe>\n<\/div><\/figure>\n\n\n\n<p><\/p>\n\n\n\n<p><strong>Vals de los caballos.<\/strong> Est\u00eav\u00e3o Marques. Instrumento: tubos. <\/p>\n\n\n\n<figure class=\"wp-block-embed is-type-video is-provider-youtube wp-block-embed-youtube\"><div class=\"wp-block-embed__wrapper\">\n<iframe title=\"Tuboarekin jolasteko abestia. Zaldien balsa\" width=\"500\" height=\"281\" src=\"https:\/\/www.youtube.com\/embed\/rXeRLLUw3l8?feature=oembed\" frameborder=\"0\" allow=\"accelerometer; autoplay; clipboard-write; encrypted-media; gyroscope; picture-in-picture; web-share\" referrerpolicy=\"strict-origin-when-cross-origin\" allowfullscreen><\/iframe>\n<\/div><\/figure>\n\n\n\n<p><\/p>\n\n\n\n<p><strong>Habanera.<\/strong> Carmen. Bizet. Instrumentos: tri\u00e1ngulo, claves, cascabeles y platillos. <\/p>\n\n\n\n<figure class=\"wp-block-embed is-type-video is-provider-youtube wp-block-embed-youtube\"><div class=\"wp-block-embed__wrapper\">\n<iframe title=\"Instrumentuak jotzeko abestia. Habanera  Carmen\" width=\"500\" height=\"281\" src=\"https:\/\/www.youtube.com\/embed\/RYaM9L1IFl0?start=1&#038;feature=oembed\" frameborder=\"0\" allow=\"accelerometer; autoplay; clipboard-write; encrypted-media; gyroscope; picture-in-picture; web-share\" referrerpolicy=\"strict-origin-when-cross-origin\" allowfullscreen><\/iframe>\n<\/div><\/figure>\n\n\n\n<p><\/p>\n\n\n\n<p><strong>Rock me baby.<\/strong> Stradivari. Instrumento: tambor. <\/p>\n\n\n\n<figure class=\"wp-block-embed is-type-video is-provider-youtube wp-block-embed-youtube\"><div class=\"wp-block-embed__wrapper\">\n<iframe title=\"Abestia danborrarekin\/ Canci\u00f3n con tambor\" width=\"500\" height=\"281\" src=\"https:\/\/www.youtube.com\/embed\/TrTlBsVVhwE?feature=oembed\" frameborder=\"0\" allow=\"accelerometer; autoplay; clipboard-write; encrypted-media; gyroscope; picture-in-picture; web-share\" referrerpolicy=\"strict-origin-when-cross-origin\" allowfullscreen><\/iframe>\n<\/div><\/figure>\n\n\n\n<p><\/p>\n\n\n\n<p><\/p>\n\n\n\n<p class=\"has-foreground-color has-vivid-purple-background-color has-text-color has-background has-link-color wp-elements-a0ea1a7adfcfb5b0e28bb93b0817c3ca\" id=\"DIDACTICO\" style=\"font-size:34px\"><strong>ABESTIAK MATERIAL DIDAKTIKOEKIN<\/strong><\/p>\n\n\n\n<p><\/p>\n\n\n\n<p><strong>Comptine d\u00b4un autre \u00e9t\u00e9<\/strong>. Amelie. Yann Tiersen. Material: <strong>pelota. <\/strong><\/p>\n\n\n\n<figure class=\"wp-block-embed is-type-video is-provider-youtube wp-block-embed-youtube\"><div class=\"wp-block-embed__wrapper\">\n<iframe title=\"Pelotarekin  jolasteko abestia. Amelie.\" width=\"500\" height=\"281\" src=\"https:\/\/www.youtube.com\/embed\/CrkoL0ykwYc?feature=oembed\" frameborder=\"0\" allow=\"accelerometer; autoplay; clipboard-write; encrypted-media; gyroscope; picture-in-picture; web-share\" referrerpolicy=\"strict-origin-when-cross-origin\" allowfullscreen><\/iframe>\n<\/div><\/figure>\n\n\n\n<p><\/p>\n\n\n\n<p><strong>Seven Jumps.<\/strong> Material did\u00e1ctico: <strong>pelota. <\/strong><\/p>\n\n\n\n<figure class=\"wp-block-embed is-type-video is-provider-youtube wp-block-embed-youtube\"><div class=\"wp-block-embed__wrapper\">\n<iframe title=\"Pelotarekin jolasteko abestia  Seven jumps\" width=\"500\" height=\"281\" src=\"https:\/\/www.youtube.com\/embed\/XC4j770ufiM?start=102&#038;feature=oembed\" frameborder=\"0\" allow=\"accelerometer; autoplay; clipboard-write; encrypted-media; gyroscope; picture-in-picture; web-share\" referrerpolicy=\"strict-origin-when-cross-origin\" allowfullscreen><\/iframe>\n<\/div><\/figure>\n\n\n\n<p><\/p>\n\n\n\n<p><strong>Escurridizo. <\/strong>Vuelta Canela. Material did\u00e1ctico: <strong>pa\u00f1uelos.<\/strong> <\/p>\n\n\n\n<figure class=\"wp-block-embed is-type-video is-provider-youtube wp-block-embed-youtube\"><div class=\"wp-block-embed__wrapper\">\n<iframe title=\"Dantza zapiekin  Escurridizo\" width=\"500\" height=\"281\" src=\"https:\/\/www.youtube.com\/embed\/NUXaHZpHEpA?feature=oembed\" frameborder=\"0\" allow=\"accelerometer; autoplay; clipboard-write; encrypted-media; gyroscope; picture-in-picture; web-share\" referrerpolicy=\"strict-origin-when-cross-origin\" allowfullscreen><\/iframe>\n<\/div><\/figure>\n\n\n\n<p><\/p>\n\n\n\n<p><strong>Habanera.<\/strong> Carmen. Bizet. Material did\u00e1ctico: <strong>marionetas. <\/strong><\/p>\n\n\n\n<figure class=\"wp-block-embed is-type-video is-provider-youtube wp-block-embed-youtube\"><div class=\"wp-block-embed__wrapper\">\n<iframe title=\"Txotxongiloekin  jolasteko abestia\/ Canci\u00f3n para jugar con marionetas\" width=\"500\" height=\"281\" src=\"https:\/\/www.youtube.com\/embed\/vj8KrwT6XbA?feature=oembed\" frameborder=\"0\" allow=\"accelerometer; autoplay; clipboard-write; encrypted-media; gyroscope; picture-in-picture; web-share\" referrerpolicy=\"strict-origin-when-cross-origin\" allowfullscreen><\/iframe>\n<\/div><\/figure>\n\n\n\n<p><\/p>\n\n\n\n<p class=\"has-foreground-color has-vivid-purple-background-color has-text-color has-background has-link-color wp-elements-f4e6a1aa2ada8f4ff2f21b742d658ebd\" id=\"CONCEPTOS\" style=\"font-size:34px\"><strong>EDUKIAK IKASTEKO ABESTIAK<\/strong><\/p>\n\n\n\n<p><\/p>\n\n\n\n<p><strong>EL grillo y la pulga<\/strong>. Para aprender el nombre de <strong>instrumentos<\/strong> musicales.<\/p>\n\n\n\n<figure class=\"wp-block-embed is-type-video is-provider-youtube wp-block-embed-youtube\"><div class=\"wp-block-embed__wrapper\">\n<iframe title=\"Kilkerra eta arkakusoa.\" width=\"500\" height=\"281\" src=\"https:\/\/www.youtube.com\/embed\/yQtYpO-UJdU?feature=oembed\" frameborder=\"0\" allow=\"accelerometer; autoplay; clipboard-write; encrypted-media; gyroscope; picture-in-picture; web-share\" referrerpolicy=\"strict-origin-when-cross-origin\" allowfullscreen><\/iframe>\n<\/div><\/figure>\n\n\n\n<p class=\"has-foreground-color has-vivid-purple-background-color has-text-color has-background has-link-color wp-elements-0e4d0bed5554b3f45201c5d5cd1c3bf4\" id=\"BAILE\" style=\"font-size:34px\"><strong>DANTZAK<\/strong><\/p>\n\n\n\n<p><strong>La Polaca.<\/strong> Vuelta Canela. <\/p>\n\n\n\n<figure class=\"wp-block-embed is-type-video is-provider-youtube wp-block-embed-youtube\"><div class=\"wp-block-embed__wrapper\">\n<iframe title=\"Dantza  La polaca  Vuelta Canela\" width=\"500\" height=\"281\" src=\"https:\/\/www.youtube.com\/embed\/vsy9hmzo5dI?feature=oembed\" frameborder=\"0\" allow=\"accelerometer; autoplay; clipboard-write; encrypted-media; gyroscope; picture-in-picture; web-share\" referrerpolicy=\"strict-origin-when-cross-origin\" allowfullscreen><\/iframe>\n<\/div><\/figure>\n\n\n\n<p><\/p>","protected":false},"excerpt":{"rendered":"<p>Explora m\u00e1s recursos en nuestro canal de YouTube CUENTOS MUSICALES Cocodrilo. Kalandraka. M\u00fasica: Beatriz Garc\u00eda. Krokodiloa. Kalandraka. Aplicaci\u00f3n did\u00e1ctica. Frutas. Kalandraka. M\u00fasica: Marta Canellas. Planeta del mar charlat\u00e1n. Frutas, karaoke. Kalandraka. M\u00fasica: Marta Canellas. Planeta del mar charlat\u00e1n. \u00c1rbol. Kalandraka. \u00c1rbol, karaoke. Kalandraka. MUSICOGRAMAS Danza de las horas, con instrumentos. Ponchielli. Danza de las horas [&hellip;]<\/p>","protected":false},"author":1,"featured_media":0,"parent":0,"menu_order":0,"comment_status":"closed","ping_status":"closed","template":"","meta":{"footnotes":""},"class_list":["post-990","page","type-page","status-publish","hentry"],"_links":{"self":[{"href":"https:\/\/educacionmusicaltemprana.es\/eu\/wp-json\/wp\/v2\/pages\/990","targetHints":{"allow":["GET"]}}],"collection":[{"href":"https:\/\/educacionmusicaltemprana.es\/eu\/wp-json\/wp\/v2\/pages"}],"about":[{"href":"https:\/\/educacionmusicaltemprana.es\/eu\/wp-json\/wp\/v2\/types\/page"}],"author":[{"embeddable":true,"href":"https:\/\/educacionmusicaltemprana.es\/eu\/wp-json\/wp\/v2\/users\/1"}],"replies":[{"embeddable":true,"href":"https:\/\/educacionmusicaltemprana.es\/eu\/wp-json\/wp\/v2\/comments?post=990"}],"version-history":[{"count":0,"href":"https:\/\/educacionmusicaltemprana.es\/eu\/wp-json\/wp\/v2\/pages\/990\/revisions"}],"wp:attachment":[{"href":"https:\/\/educacionmusicaltemprana.es\/eu\/wp-json\/wp\/v2\/media?parent=990"}],"curies":[{"name":"wp","href":"https:\/\/api.w.org\/{rel}","templated":true}]}}